{"id":98,"date":"2019-10-11T06:38:48","date_gmt":"2019-10-11T06:38:48","guid":{"rendered":"http:\/\/sternchen-motorsport.de\/?page_id=98"},"modified":"2020-02-03T11:49:54","modified_gmt":"2020-02-03T11:49:54","slug":"dekra-hu-au","status":"publish","type":"page","link":"http:\/\/sternchen-motorsport.de\/?page_id=98","title":{"rendered":"HU\/AU durch DEKRA und T\u00dcV S\u00dcD"},"content":{"rendered":"\n<p><strong>In unserer Werkstatt pr\u00fcft die DEKRA und der T\u00dcV S\u00dcD Ihr Auto.<\/strong><\/p>\n\n\n\n<figure class=\"wp-block-image\"><img decoding=\"async\" loading=\"lazy\" width=\"459\" height=\"225\" src=\"http:\/\/sternchen-motorsport.de\/wp-content\/uploads\/2020\/02\/Download.png\" alt=\"\" class=\"wp-image-178\" srcset=\"http:\/\/sternchen-motorsport.de\/wp-content\/uploads\/2020\/02\/Download.png 459w, http:\/\/sternchen-motorsport.de\/wp-content\/uploads\/2020\/02\/Download-150x74.png 150w\" sizes=\"(max-width: 459px) 100vw, 459px\" \/><\/figure>\n\n\n\n<p><strong>Die DEKRA ist Montags, Mittwochs und Freitags f\u00fcr Sie da <\/strong><\/p>\n\n\n\n<p><strong>Der T\u00dcV S\u00dcD ist Dienstag und Donnerstag f\u00fcr Sie da<\/strong><\/p>\n\n\n\n<p><strong>Termine k\u00f6nnen Sie bei uns absprechen.<\/strong><\/p>\n\n\n\n<p><strong>Ihr Fahrzeug \u00fcberpr\u00fcfen wir gerne vorher auf Herz und Nieren, bei festgestellten M\u00e4ngeln beheben wir diese nach vorheriger Absprache mit Ihnen.<\/strong><\/p>\n","protected":false},"excerpt":{"rendered":"<p>In unserer Werkstatt pr\u00fcft die DEKRA und der T\u00dcV S\u00dcD Ihr Auto. Die DEKRA ist Montags, Mittwochs und Freitags f\u00fcr Sie da Der T\u00dcV S\u00dcD ist Dienstag und Donnerstag f\u00fcr Sie da Termine k\u00f6nnen Sie bei uns absprechen. Ihr Fahrzeug \u00fcberpr\u00fcfen wir gerne vorher auf Herz und Nieren, bei festgestellten M\u00e4ngeln beheben wir diese nach&hellip;<\/p>\n","protected":false},"author":1,"featured_media":0,"parent":0,"menu_order":0,"comment_status":"closed","ping_status":"closed","template":"","meta":[],"_links":{"self":[{"href":"http:\/\/sternchen-motorsport.de\/index.php?rest_route=\/wp\/v2\/pages\/98"}],"collection":[{"href":"http:\/\/sternchen-motorsport.de\/index.php?rest_route=\/wp\/v2\/pages"}],"about":[{"href":"http:\/\/sternchen-motorsport.de\/index.php?rest_route=\/wp\/v2\/types\/page"}],"author":[{"embeddable":true,"href":"http:\/\/sternchen-motorsport.de\/index.php?rest_route=\/wp\/v2\/users\/1"}],"replies":[{"embeddable":true,"href":"http:\/\/sternchen-motorsport.de\/index.php?rest_route=%2Fwp%2Fv2%2Fcomments&post=98"}],"version-history":[{"count":8,"href":"http:\/\/sternchen-motorsport.de\/index.php?rest_route=\/wp\/v2\/pages\/98\/revisions"}],"predecessor-version":[{"id":179,"href":"http:\/\/sternchen-motorsport.de\/index.php?rest_route=\/wp\/v2\/pages\/98\/revisions\/179"}],"wp:attachment":[{"href":"http:\/\/sternchen-motorsport.de\/index.php?rest_route=%2Fwp%2Fv2%2Fmedia&parent=98"}],"curies":[{"name":"wp","href":"https:\/\/api.w.org\/{rel}","templated":true}]}}