{"id":103,"date":"2019-10-11T06:41:01","date_gmt":"2019-10-11T06:41:01","guid":{"rendered":"http:\/\/sternchen-motorsport.de\/?page_id=103"},"modified":"2019-11-06T21:22:36","modified_gmt":"2019-11-06T21:22:36","slug":"werkstatt","status":"publish","type":"page","link":"https:\/\/sternchen-motorsport.de\/?page_id=103","title":{"rendered":"Werkstatt"},"content":{"rendered":"\n<p><strong>Unsere Werkstatt umfasst 5 Hebeb\u00fchnen. <\/strong><\/p>\n\n\n\n<figure class=\"wp-block-image\"><img decoding=\"async\" loading=\"lazy\" width=\"500\" height=\"257\" src=\"http:\/\/sternchen-motorsport.de\/wp-content\/uploads\/2019\/11\/38651724_1161419380678314_4965586818197094400_n-500x257.jpg\" alt=\"\" class=\"wp-image-120\" srcset=\"https:\/\/sternchen-motorsport.de\/wp-content\/uploads\/2019\/11\/38651724_1161419380678314_4965586818197094400_n-500x257.jpg 500w, https:\/\/sternchen-motorsport.de\/wp-content\/uploads\/2019\/11\/38651724_1161419380678314_4965586818197094400_n-150x77.jpg 150w, https:\/\/sternchen-motorsport.de\/wp-content\/uploads\/2019\/11\/38651724_1161419380678314_4965586818197094400_n-768x395.jpg 768w, https:\/\/sternchen-motorsport.de\/wp-content\/uploads\/2019\/11\/38651724_1161419380678314_4965586818197094400_n.jpg 960w\" sizes=\"(max-width: 500px) 100vw, 500px\" \/><\/figure>\n\n\n\n<ul><li>drei Zweis\u00e4ulen Hebeb\u00fchne <\/li><li>eine Viers\u00e4ulen Hebeb\u00fchne<\/li><li>sowie eine Schwerlast Hebeb\u00fchne mit bis zu 5t<\/li><\/ul>\n\n\n\n<p><strong>So sind wir flexibel vom kleinen Smart bis zum gro\u00dfen Sprinter <\/strong><\/p>\n\n\n\n<p><\/p>\n\n\n\n<p><strong>Ebenso verf\u00fcgen wir \u00fcber eine Reihe von Spezialwerkzeugen <\/strong><\/p>\n\n\n\n<ul><li>Reifenmontagemaschine ( 13 bis 22 Zoll )<\/li><li>Reifenauswuchtmaschine <\/li><li>Zahnriemeneinstellwerkzeug<\/li><li>Batterietester<\/li><li>Presse zum Erneuern von Radlagern<\/li><li>Klimaanlagenger\u00e4t<\/li><li>Ausleseger\u00e4t f\u00fcr die meisten Fahrzeuge mit OBD-Stecker <\/li><\/ul>\n","protected":false},"excerpt":{"rendered":"<p>Unsere Werkstatt umfasst 5 Hebeb\u00fchnen. drei Zweis\u00e4ulen Hebeb\u00fchne eine Viers\u00e4ulen Hebeb\u00fchne sowie eine Schwerlast Hebeb\u00fchne mit bis zu 5t So sind wir flexibel vom kleinen Smart bis zum gro\u00dfen Sprinter Ebenso verf\u00fcgen wir \u00fcber eine Reihe von Spezialwerkzeugen Reifenmontagemaschine ( 13 bis 22 Zoll ) Reifenauswuchtmaschine Zahnriemeneinstellwerkzeug Batterietester Presse zum Erneuern von Radlagern Klimaanlagenger\u00e4t Ausleseger\u00e4t&hellip;<\/p>\n","protected":false},"author":2,"featured_media":0,"parent":0,"menu_order":0,"comment_status":"closed","ping_status":"closed","template":"","meta":[],"_links":{"self":[{"href":"https:\/\/sternchen-motorsport.de\/index.php?rest_route=\/wp\/v2\/pages\/103"}],"collection":[{"href":"https:\/\/sternchen-motorsport.de\/index.php?rest_route=\/wp\/v2\/pages"}],"about":[{"href":"https:\/\/sternchen-motorsport.de\/index.php?rest_route=\/wp\/v2\/types\/page"}],"author":[{"embeddable":true,"href":"https:\/\/sternchen-motorsport.de\/index.php?rest_route=\/wp\/v2\/users\/2"}],"replies":[{"embeddable":true,"href":"https:\/\/sternchen-motorsport.de\/index.php?rest_route=%2Fwp%2Fv2%2Fcomments&post=103"}],"version-history":[{"count":5,"href":"https:\/\/sternchen-motorsport.de\/index.php?rest_route=\/wp\/v2\/pages\/103\/revisions"}],"predecessor-version":[{"id":155,"href":"https:\/\/sternchen-motorsport.de\/index.php?rest_route=\/wp\/v2\/pages\/103\/revisions\/155"}],"wp:attachment":[{"href":"https:\/\/sternchen-motorsport.de\/index.php?rest_route=%2Fwp%2Fv2%2Fmedia&parent=103"}],"curies":[{"name":"wp","href":"https:\/\/api.w.org\/{rel}","templated":true}]}}