{"id":24,"date":"2019-10-08T16:55:45","date_gmt":"2019-10-08T16:55:45","guid":{"rendered":"http:\/\/sternchen-motorsport.de\/?page_id=24"},"modified":"2019-11-06T16:11:25","modified_gmt":"2019-11-06T16:11:25","slug":"kfz-service","status":"publish","type":"page","link":"https:\/\/sternchen-motorsport.de\/?page_id=24","title":{"rendered":"KFZ- Service"},"content":{"rendered":"\n<p><strong>Ihr Fahrzeug, egal welcher Marke, ist bei uns in besten H\u00e4nden, fachgerecht und freundlich. Wir F\u00fchren alle Arbeiten nach Herstellervorgaben durch und verbauen Ersatzteile in Erstausr\u00fcster Qualit\u00e4t.<\/strong><\/p>\n\n\n\n<ul><li>Auspuffreparatur<\/li><li>Klimaservice*<\/li><li>\u00d6lwechselservice *<\/li><li>Inspektionsservice*<\/li><li>Bremsenservice<\/li><li>Motorinstandsetzung bei \u00d6l- und\/oder K\u00fchlmittelverlust <\/li><li>Zahnriemenwechsel<\/li><li>Schwei\u00dfarbeiten <\/li><\/ul>\n\n\n\n<p><strong>Ebenfalls bieten wir Ihnen den Service an, Ihre Anh\u00e4nger zu reparieren, sprechen sie uns einfach an.<\/strong><\/p>\n\n\n\n<p>*nach Herstellervorgaben <\/p>\n","protected":false},"excerpt":{"rendered":"<p>Ihr Fahrzeug, egal welcher Marke, ist bei uns in besten H\u00e4nden, fachgerecht und freundlich. Wir F\u00fchren alle Arbeiten nach Herstellervorgaben durch und verbauen Ersatzteile in Erstausr\u00fcster Qualit\u00e4t. Auspuffreparatur Klimaservice* \u00d6lwechselservice * Inspektionsservice* Bremsenservice Motorinstandsetzung bei \u00d6l- und\/oder K\u00fchlmittelverlust Zahnriemenwechsel Schwei\u00dfarbeiten Ebenfalls bieten wir Ihnen den Service an, Ihre Anh\u00e4nger zu reparieren, sprechen sie uns einfach&hellip;<\/p>\n","protected":false},"author":2,"featured_media":0,"parent":0,"menu_order":0,"comment_status":"closed","ping_status":"closed","template":"","meta":[],"_links":{"self":[{"href":"https:\/\/sternchen-motorsport.de\/index.php?rest_route=\/wp\/v2\/pages\/24"}],"collection":[{"href":"https:\/\/sternchen-motorsport.de\/index.php?rest_route=\/wp\/v2\/pages"}],"about":[{"href":"https:\/\/sternchen-motorsport.de\/index.php?rest_route=\/wp\/v2\/types\/page"}],"author":[{"embeddable":true,"href":"https:\/\/sternchen-motorsport.de\/index.php?rest_route=\/wp\/v2\/users\/2"}],"replies":[{"embeddable":true,"href":"https:\/\/sternchen-motorsport.de\/index.php?rest_route=%2Fwp%2Fv2%2Fcomments&post=24"}],"version-history":[{"count":5,"href":"https:\/\/sternchen-motorsport.de\/index.php?rest_route=\/wp\/v2\/pages\/24\/revisions"}],"predecessor-version":[{"id":126,"href":"https:\/\/sternchen-motorsport.de\/index.php?rest_route=\/wp\/v2\/pages\/24\/revisions\/126"}],"wp:attachment":[{"href":"https:\/\/sternchen-motorsport.de\/index.php?rest_route=%2Fwp%2Fv2%2Fmedia&parent=24"}],"curies":[{"name":"wp","href":"https:\/\/api.w.org\/{rel}","templated":true}]}}