{"id":82,"date":"2019-10-10T11:17:09","date_gmt":"2019-10-10T11:17:09","guid":{"rendered":"http:\/\/sternchen-motorsport.de\/?page_id=82"},"modified":"2019-10-10T11:17:09","modified_gmt":"2019-10-10T11:17:09","slug":"allgemeine-geschaeftsbedingungen-agb","status":"publish","type":"page","link":"https:\/\/sternchen-motorsport.de\/?page_id=82","title":{"rendered":"Allgemeine Gesch\u00e4ftsbedingungen (AGB)"},"content":{"rendered":"\n<h2>Kfz-Reparaturbedingungen<\/h2>\n\n\n\n<p><strong>Bedingungen f\u00fcr die Ausf\u00fchrung von Arbeiten an Kraftfahrzeugen, Anh\u00e4ngern, Aggregaten und deren Teilen und f\u00fcr Kostenvoranschl\u00e4ge<\/strong>&nbsp;Unverbindliche Empfehlung des Zentralverbandes Deutsches Kraftfahrzeuggewerbe e.V. (ZDK), Stand: Dezember 2016<br><br><a href=\"https:\/\/www.thiel-gruppe.de\/fileadmin\/user_upload\/AGB\/Kfz-Reparaturbedingungen-12-2016.pdf\" target=\"_blank\" rel=\"noreferrer noopener\">Download Kfz-Reparaturbedingungen<\/a><\/p>\n\n\n\n<hr class=\"wp-block-separator\"\/>\n\n\n\n<h2>Teileverkaufsbedingungen<\/h2>\n\n\n\n<p><strong>Allgemeine Gesch\u00e4ftsbedingungen f\u00fcr den Verkauf neuer und gebrauchter Fahrzeugteile<\/strong>&nbsp;Unverbindliche Empfehlung des Zentralverbandes Deutsches Kraftfahrzeuggewerbe e.V. (ZDK), Stand: Dezember 2016<br><br><a href=\"https:\/\/www.thiel-gruppe.de\/fileadmin\/user_upload\/AGB\/Teileverkaufsbedingungen-12-2016.pdf\" target=\"_blank\" rel=\"noreferrer noopener\">Download Teileverkaufsbedingungen<\/a><\/p>\n\n\n\n<hr class=\"wp-block-separator\"\/>\n\n\n\n<h2>Einkaufsbedingungen<\/h2>\n\n\n\n<p><strong>Allgemeine Gesch\u00e4ftsbedingungen f\u00fcr den Einkauf neuer und gebrauchter Fahrzeugteile von Unternehmen durch Unternehmen<\/strong>&nbsp;Unverbindliche Empfehlung des Zentralverbandes Deutsches Kraftfahrzeuggewerbe e.V. (ZDK), Stand: Mai 2008<br><br><a href=\"https:\/\/www.thiel-gruppe.de\/fileadmin\/user_upload\/AGB\/Einkaufsbedingungen.pdf\" target=\"_blank\" rel=\"noreferrer noopener\">Download Einkaufsbedinungen<\/a><\/p>\n\n\n\n<hr class=\"wp-block-separator\"\/>\n\n\n\n<h2>Neuwagen-Verkaufsbedingungen<\/h2>\n\n\n\n<p><strong>Kraftfahrzeuge und Anh\u00e4nger<\/strong>&nbsp;Unverbindliche Empfehlung des Verbandes der Automobilindustrie e. V. (VDA), des Verbandes der Internationalen Kraftfahrzeughersteller e.V. (VDIK) und des Zentralverbandes Deutsches Kraftfahrzeuggewerbe e. V. (ZDK), Stand: Dezember 2016<br><br><a href=\"https:\/\/www.thiel-gruppe.de\/fileadmin\/user_upload\/AGB\/Neuwagenverkaufsbedingungen-12-2016.pdf\" target=\"_blank\" rel=\"noreferrer noopener\">Download Neuwagen-Verkaufsbedingungen<\/a><\/p>\n","protected":false},"excerpt":{"rendered":"<p>Kfz-Reparaturbedingungen Bedingungen f\u00fcr die Ausf\u00fchrung von Arbeiten an Kraftfahrzeugen, Anh\u00e4ngern, Aggregaten und deren Teilen und f\u00fcr Kostenvoranschl\u00e4ge&nbsp;Unverbindliche Empfehlung des Zentralverbandes Deutsches Kraftfahrzeuggewerbe e.V. (ZDK), Stand: Dezember 2016 Download Kfz-Reparaturbedingungen Teileverkaufsbedingungen Allgemeine Gesch\u00e4ftsbedingungen f\u00fcr den Verkauf neuer und gebrauchter Fahrzeugteile&nbsp;Unverbindliche Empfehlung des Zentralverbandes Deutsches Kraftfahrzeuggewerbe e.V. (ZDK), Stand: Dezember 2016 Download Teileverkaufsbedingungen Einkaufsbedingungen Allgemeine Gesch\u00e4ftsbedingungen f\u00fcr&hellip;<\/p>\n","protected":false},"author":2,"featured_media":0,"parent":0,"menu_order":0,"comment_status":"closed","ping_status":"closed","template":"","meta":[],"_links":{"self":[{"href":"https:\/\/sternchen-motorsport.de\/index.php?rest_route=\/wp\/v2\/pages\/82"}],"collection":[{"href":"https:\/\/sternchen-motorsport.de\/index.php?rest_route=\/wp\/v2\/pages"}],"about":[{"href":"https:\/\/sternchen-motorsport.de\/index.php?rest_route=\/wp\/v2\/types\/page"}],"author":[{"embeddable":true,"href":"https:\/\/sternchen-motorsport.de\/index.php?rest_route=\/wp\/v2\/users\/2"}],"replies":[{"embeddable":true,"href":"https:\/\/sternchen-motorsport.de\/index.php?rest_route=%2Fwp%2Fv2%2Fcomments&post=82"}],"version-history":[{"count":1,"href":"https:\/\/sternchen-motorsport.de\/index.php?rest_route=\/wp\/v2\/pages\/82\/revisions"}],"predecessor-version":[{"id":83,"href":"https:\/\/sternchen-motorsport.de\/index.php?rest_route=\/wp\/v2\/pages\/82\/revisions\/83"}],"wp:attachment":[{"href":"https:\/\/sternchen-motorsport.de\/index.php?rest_route=%2Fwp%2Fv2%2Fmedia&parent=82"}],"curies":[{"name":"wp","href":"https:\/\/api.w.org\/{rel}","templated":true}]}}